{"id":2012,"date":"2020-03-29T00:50:26","date_gmt":"2020-03-28T12:50:26","guid":{"rendered":"http:\/\/localhost:8888\/papillon\/a-decouvrir\/les-marches\/"},"modified":"2023-03-06T06:20:37","modified_gmt":"2023-03-05T18:20:37","slug":"les-marches","status":"publish","type":"page","link":"https:\/\/www.floresles4arbres.com\/en\/to-discover\/the-steps\/","title":{"rendered":"Markets"},"content":{"rendered":"<figure class=\"wp-block-gallery alignfull has-nested-images columns-3 is-cropped wp-block-gallery-1 is-layout-flex wp-block-gallery-is-layout-flex\">\n<figure class=\"wp-block-image size-full\"><a href=\"https:\/\/www.floresles4arbres.com\/wp-content\/uploads\/2023\/03\/71_flores-marche-ruteng-1.jpg\" data-rel=\"lightbox-image-0\" data-magnific_type=\"image\" data-rl_title=\"Ruteng\" data-rl_caption=\"\" title=\"Ruteng\"><img loading=\"lazy\" decoding=\"async\" width=\"1024\" height=\"680\" data-id=\"2605\" src=\"https:\/\/www.floresles4arbres.com\/wp-content\/uploads\/2023\/03\/71_flores-marche-ruteng-1.jpg\" alt=\"\" class=\"wp-image-2605\" srcset=\"https:\/\/www.floresles4arbres.com\/wp-content\/uploads\/2023\/03\/71_flores-marche-ruteng-1.jpg 1024w, https:\/\/www.floresles4arbres.com\/wp-content\/uploads\/2023\/03\/71_flores-marche-ruteng-1-300x199.jpg 300w, https:\/\/www.floresles4arbres.com\/wp-content\/uploads\/2023\/03\/71_flores-marche-ruteng-1-768x510.jpg 768w\" sizes=\"auto, (max-width: 1024px) 100vw, 1024px\" \/><\/a><figcaption class=\"wp-element-caption\">Ruteng<\/figcaption><\/figure>\n\n\n\n<figure class=\"wp-block-image size-full\"><a href=\"https:\/\/www.floresles4arbres.com\/wp-content\/uploads\/2023\/03\/71_flores-marche-ruteng-2.jpg\" data-rel=\"lightbox-image-1\" data-magnific_type=\"image\" data-rl_title=\"Ruteng\" data-rl_caption=\"\" title=\"Ruteng\"><img loading=\"lazy\" decoding=\"async\" width=\"1024\" height=\"680\" data-id=\"2604\" src=\"https:\/\/www.floresles4arbres.com\/wp-content\/uploads\/2023\/03\/71_flores-marche-ruteng-2.jpg\" alt=\"\" class=\"wp-image-2604\" srcset=\"https:\/\/www.floresles4arbres.com\/wp-content\/uploads\/2023\/03\/71_flores-marche-ruteng-2.jpg 1024w, https:\/\/www.floresles4arbres.com\/wp-content\/uploads\/2023\/03\/71_flores-marche-ruteng-2-300x199.jpg 300w, https:\/\/www.floresles4arbres.com\/wp-content\/uploads\/2023\/03\/71_flores-marche-ruteng-2-768x510.jpg 768w\" sizes=\"auto, (max-width: 1024px) 100vw, 1024px\" \/><\/a><figcaption class=\"wp-element-caption\">Ruteng<\/figcaption><\/figure>\n\n\n\n<figure class=\"wp-block-image size-large\"><a href=\"https:\/\/www.floresles4arbres.com\/wp-content\/uploads\/2023\/03\/71_flores-marche-bajawa.jpg\" data-rel=\"lightbox-image-2\" data-magnific_type=\"image\" data-rl_title=\"Bajawa\" data-rl_caption=\"Le march\u00e9 de Bajawa : l&#039;art de disposer ses l\u00e9gumes.\" title=\"Bajawa\"><img loading=\"lazy\" decoding=\"async\" width=\"766\" height=\"1024\" data-id=\"2603\" src=\"https:\/\/www.floresles4arbres.com\/wp-content\/uploads\/2023\/03\/71_flores-marche-bajawa-766x1024.jpg\" alt=\"\" class=\"wp-image-2603\" srcset=\"https:\/\/www.floresles4arbres.com\/wp-content\/uploads\/2023\/03\/71_flores-marche-bajawa-766x1024.jpg 766w, https:\/\/www.floresles4arbres.com\/wp-content\/uploads\/2023\/03\/71_flores-marche-bajawa-224x300.jpg 224w, https:\/\/www.floresles4arbres.com\/wp-content\/uploads\/2023\/03\/71_flores-marche-bajawa-768x1027.jpg 768w, https:\/\/www.floresles4arbres.com\/wp-content\/uploads\/2023\/03\/71_flores-marche-bajawa.jpg 1024w\" sizes=\"auto, (max-width: 766px) 100vw, 766px\" \/><\/a><figcaption class=\"wp-element-caption\">Bajawa<\/figcaption><\/figure>\n\n\n\n<figure class=\"wp-block-image size-large\"><a href=\"https:\/\/www.floresles4arbres.com\/wp-content\/uploads\/2023\/03\/71_flores-marche-boawae.jpg\" data-rel=\"lightbox-image-3\" data-magnific_type=\"image\" data-rl_title=\"Boawae\" data-rl_caption=\"\" title=\"Boawae\"><img loading=\"lazy\" decoding=\"async\" width=\"1024\" height=\"766\" data-id=\"2602\" src=\"https:\/\/www.floresles4arbres.com\/wp-content\/uploads\/2023\/03\/71_flores-marche-boawae.jpg\" alt=\"\" class=\"wp-image-2602\" srcset=\"https:\/\/www.floresles4arbres.com\/wp-content\/uploads\/2023\/03\/71_flores-marche-boawae.jpg 1024w, https:\/\/www.floresles4arbres.com\/wp-content\/uploads\/2023\/03\/71_flores-marche-boawae-300x224.jpg 300w, https:\/\/www.floresles4arbres.com\/wp-content\/uploads\/2023\/03\/71_flores-marche-boawae-768x575.jpg 768w\" sizes=\"auto, (max-width: 1024px) 100vw, 1024px\" \/><\/a><\/figure>\n\n\n\n<figure class=\"wp-block-image size-large\"><a href=\"https:\/\/www.floresles4arbres.com\/wp-content\/uploads\/2023\/03\/71_flores-4arbres-adecouvrir-lesmarches-5jpg.jpg\" data-rel=\"lightbox-image-4\" data-magnific_type=\"image\" data-rl_title=\"Boawae\" data-rl_caption=\"Joli choix de textiles sur ce march\u00e9 tr\u00e8s color\u00e9.\" title=\"Boawae\"><img loading=\"lazy\" decoding=\"async\" width=\"1024\" height=\"767\" data-id=\"2601\" src=\"https:\/\/www.floresles4arbres.com\/wp-content\/uploads\/2023\/03\/71_flores-4arbres-adecouvrir-lesmarches-5jpg-1024x767.jpg\" alt=\"\" class=\"wp-image-2601\" srcset=\"https:\/\/www.floresles4arbres.com\/wp-content\/uploads\/2023\/03\/71_flores-4arbres-adecouvrir-lesmarches-5jpg-1024x767.jpg 1024w, https:\/\/www.floresles4arbres.com\/wp-content\/uploads\/2023\/03\/71_flores-4arbres-adecouvrir-lesmarches-5jpg-300x225.jpg 300w, https:\/\/www.floresles4arbres.com\/wp-content\/uploads\/2023\/03\/71_flores-4arbres-adecouvrir-lesmarches-5jpg-768x575.jpg 768w, https:\/\/www.floresles4arbres.com\/wp-content\/uploads\/2023\/03\/71_flores-4arbres-adecouvrir-lesmarches-5jpg.jpg 1026w\" sizes=\"auto, (max-width: 1024px) 100vw, 1024px\" \/><\/a><figcaption class=\"wp-element-caption\">Nice choice of textiles on this very colorful market.\n<\/figcaption><\/figure>\n<\/figure>","protected":false},"excerpt":{"rendered":"","protected":false},"author":1,"featured_media":0,"parent":2007,"menu_order":24,"comment_status":"closed","ping_status":"closed","template":"templates\/template-full-width.php","meta":{"footnotes":""},"class_list":["post-2012","page","type-page","status-publish","hentry"],"_links":{"self":[{"href":"https:\/\/www.floresles4arbres.com\/en\/wp-json\/wp\/v2\/pages\/2012","targetHints":{"allow":["GET"]}}],"collection":[{"href":"https:\/\/www.floresles4arbres.com\/en\/wp-json\/wp\/v2\/pages"}],"about":[{"href":"https:\/\/www.floresles4arbres.com\/en\/wp-json\/wp\/v2\/types\/page"}],"author":[{"embeddable":true,"href":"https:\/\/www.floresles4arbres.com\/en\/wp-json\/wp\/v2\/users\/1"}],"replies":[{"embeddable":true,"href":"https:\/\/www.floresles4arbres.com\/en\/wp-json\/wp\/v2\/comments?post=2012"}],"version-history":[{"count":0,"href":"https:\/\/www.floresles4arbres.com\/en\/wp-json\/wp\/v2\/pages\/2012\/revisions"}],"up":[{"embeddable":true,"href":"https:\/\/www.floresles4arbres.com\/en\/wp-json\/wp\/v2\/pages\/2007"}],"wp:attachment":[{"href":"https:\/\/www.floresles4arbres.com\/en\/wp-json\/wp\/v2\/media?parent=2012"}],"curies":[{"name":"wp","href":"https:\/\/api.w.org\/{rel}","templated":true}]}}