{"id":2013,"date":"2020-03-29T00:50:26","date_gmt":"2020-03-28T12:50:26","guid":{"rendered":"http:\/\/localhost:8888\/papillon\/a-decouvrir\/les-volcans\/"},"modified":"2023-03-06T09:38:03","modified_gmt":"2023-03-05T21:38:03","slug":"les-volcans","status":"publish","type":"page","link":"https:\/\/www.floresles4arbres.com\/en\/to-discover\/volcanoes\/","title":{"rendered":"Volcanoes"},"content":{"rendered":"<p class=\"translation-block\">Flores has countless volcanoes, the most famous are Ranaka, Inerie and his \"brother\" the Ebulobo. According to legend, the <strong>Ebulobo<\/strong> represents man, and Inerie woman. We also find other spots like Kelimutu and the Egon in the region of Sikka. But there are still some hardly visited volcanoes such as the one of Ende, which is right by the sea. In the vicinity of Bajawa, you can find multitudes of craters filled with astonishing colored waters.<\/p>\n\n\n\n<figure class=\"wp-block-embed is-type-video is-provider-youtube wp-block-embed-youtube wp-embed-aspect-16-9 wp-has-aspect-ratio\"><div class=\"wp-block-embed__wrapper\">\n<iframe loading=\"lazy\" title=\"GUNUNG LYA, ENDE FLORES\" width=\"580\" height=\"326\" src=\"https:\/\/www.youtube.com\/embed\/2F6NfMEglUQ?feature=oembed\" frameborder=\"0\" allow=\"accelerometer; autoplay; clipboard-write; encrypted-media; gyroscope; picture-in-picture; web-share\" referrerpolicy=\"strict-origin-when-cross-origin\" allowfullscreen><\/iframe>\n<\/div><\/figure>\n\n\n\n<figure class=\"wp-block-gallery alignfull has-nested-images columns-3 is-cropped wp-block-gallery-1 is-layout-flex wp-block-gallery-is-layout-flex\">\n<figure class=\"wp-block-image size-large\"><a href=\"https:\/\/www.floresles4arbres.com\/wp-content\/uploads\/2023\/03\/72_p201610081624252-scaled.jpg\" data-rel=\"lightbox-image-0\" data-magnific_type=\"image\" data-rl_title=\"Planez !\" data-rl_caption=\"Volcan Lya..\" title=\"Get high!\"><img loading=\"lazy\" decoding=\"async\" width=\"1024\" height=\"576\" data-id=\"3047\" src=\"https:\/\/www.floresles4arbres.com\/wp-content\/uploads\/2023\/03\/72_p201610081624252-1024x576.jpg\" alt=\"\" class=\"wp-image-3047\" srcset=\"https:\/\/www.floresles4arbres.com\/wp-content\/uploads\/2023\/03\/72_p201610081624252-1024x576.jpg 1024w, https:\/\/www.floresles4arbres.com\/wp-content\/uploads\/2023\/03\/72_p201610081624252-300x169.jpg 300w, https:\/\/www.floresles4arbres.com\/wp-content\/uploads\/2023\/03\/72_p201610081624252-768x432.jpg 768w, https:\/\/www.floresles4arbres.com\/wp-content\/uploads\/2023\/03\/72_p201610081624252-1536x864.jpg 1536w, https:\/\/www.floresles4arbres.com\/wp-content\/uploads\/2023\/03\/72_p201610081624252-2048x1152.jpg 2048w, https:\/\/www.floresles4arbres.com\/wp-content\/uploads\/2023\/03\/72_p201610081624252-18x10.jpg 18w, https:\/\/www.floresles4arbres.com\/wp-content\/uploads\/2023\/03\/72_p201610081624252-1200x675.jpg 1200w, https:\/\/www.floresles4arbres.com\/wp-content\/uploads\/2023\/03\/72_p201610081624252-1980x1114.jpg 1980w\" sizes=\"auto, (max-width: 1024px) 100vw, 1024px\" \/><\/a><figcaption class=\"wp-element-caption\">Lya Volcano..<\/figcaption><\/figure>\n\n\n\n<figure class=\"wp-block-image size-large\"><a href=\"https:\/\/www.floresles4arbres.com\/wp-content\/uploads\/2023\/03\/72_dsc0670resize.jpg\" data-rel=\"lightbox-image-1\" data-magnific_type=\"image\" data-rl_title=\"\" data-rl_caption=\"\" title=\"\"><img loading=\"lazy\" decoding=\"async\" width=\"1024\" height=\"680\" data-id=\"3037\" src=\"https:\/\/www.floresles4arbres.com\/wp-content\/uploads\/2023\/03\/72_dsc0670resize-1024x680.jpg\" alt=\"\" class=\"wp-image-3037\" srcset=\"https:\/\/www.floresles4arbres.com\/wp-content\/uploads\/2023\/03\/72_dsc0670resize-1024x680.jpg 1024w, https:\/\/www.floresles4arbres.com\/wp-content\/uploads\/2023\/03\/72_dsc0670resize-300x199.jpg 300w, https:\/\/www.floresles4arbres.com\/wp-content\/uploads\/2023\/03\/72_dsc0670resize-768x510.jpg 768w, https:\/\/www.floresles4arbres.com\/wp-content\/uploads\/2023\/03\/72_dsc0670resize-18x12.jpg 18w, https:\/\/www.floresles4arbres.com\/wp-content\/uploads\/2023\/03\/72_dsc0670resize-1200x797.jpg 1200w, https:\/\/www.floresles4arbres.com\/wp-content\/uploads\/2023\/03\/72_dsc0670resize.jpg 1500w\" sizes=\"auto, (max-width: 1024px) 100vw, 1024px\" \/><\/a><\/figure>\n\n\n\n<figure class=\"wp-block-image size-large\"><a href=\"https:\/\/www.floresles4arbres.com\/wp-content\/uploads\/2023\/03\/72_flores-volcans-ebulobo.jpg\" data-rel=\"lightbox-image-2\" data-magnific_type=\"image\" data-rl_title=\"Ebulobo\" data-rl_caption=\"Encore et toujours fumant !\" title=\"Ebulobo\"><img loading=\"lazy\" decoding=\"async\" width=\"1024\" height=\"768\" data-id=\"3043\" src=\"https:\/\/www.floresles4arbres.com\/wp-content\/uploads\/2023\/03\/72_flores-volcans-ebulobo.jpg\" alt=\"\" class=\"wp-image-3043\" srcset=\"https:\/\/www.floresles4arbres.com\/wp-content\/uploads\/2023\/03\/72_flores-volcans-ebulobo.jpg 1024w, https:\/\/www.floresles4arbres.com\/wp-content\/uploads\/2023\/03\/72_flores-volcans-ebulobo-300x225.jpg 300w, https:\/\/www.floresles4arbres.com\/wp-content\/uploads\/2023\/03\/72_flores-volcans-ebulobo-768x576.jpg 768w, https:\/\/www.floresles4arbres.com\/wp-content\/uploads\/2023\/03\/72_flores-volcans-ebulobo-16x12.jpg 16w\" sizes=\"auto, (max-width: 1024px) 100vw, 1024px\" \/><\/a><figcaption class=\"wp-element-caption\">Still smoking!\n<\/figcaption><\/figure>\n\n\n\n<figure class=\"wp-block-image size-large\"><a href=\"https:\/\/www.floresles4arbres.com\/wp-content\/uploads\/2023\/03\/72_dsc0661resize-copy.jpg\" data-rel=\"lightbox-image-3\" data-magnific_type=\"image\" data-rl_title=\"\" data-rl_caption=\"\" title=\"\"><img loading=\"lazy\" decoding=\"async\" width=\"1024\" height=\"680\" data-id=\"3036\" src=\"https:\/\/www.floresles4arbres.com\/wp-content\/uploads\/2023\/03\/72_dsc0661resize-copy-1024x680.jpg\" alt=\"\" class=\"wp-image-3036\" srcset=\"https:\/\/www.floresles4arbres.com\/wp-content\/uploads\/2023\/03\/72_dsc0661resize-copy-1024x680.jpg 1024w, https:\/\/www.floresles4arbres.com\/wp-content\/uploads\/2023\/03\/72_dsc0661resize-copy-300x199.jpg 300w, https:\/\/www.floresles4arbres.com\/wp-content\/uploads\/2023\/03\/72_dsc0661resize-copy-768x510.jpg 768w, https:\/\/www.floresles4arbres.com\/wp-content\/uploads\/2023\/03\/72_dsc0661resize-copy-18x12.jpg 18w, https:\/\/www.floresles4arbres.com\/wp-content\/uploads\/2023\/03\/72_dsc0661resize-copy-1200x797.jpg 1200w, https:\/\/www.floresles4arbres.com\/wp-content\/uploads\/2023\/03\/72_dsc0661resize-copy.jpg 1500w\" sizes=\"auto, (max-width: 1024px) 100vw, 1024px\" \/><\/a><\/figure>\n\n\n\n<figure class=\"wp-block-image size-large\"><a href=\"https:\/\/www.floresles4arbres.com\/wp-content\/uploads\/2023\/03\/72_dsc0653resize-copy.jpg\" data-rel=\"lightbox-image-4\" data-magnific_type=\"image\" data-rl_title=\"\" data-rl_caption=\"\" title=\"\"><img loading=\"lazy\" decoding=\"async\" width=\"1024\" height=\"680\" data-id=\"3035\" src=\"https:\/\/www.floresles4arbres.com\/wp-content\/uploads\/2023\/03\/72_dsc0653resize-copy-1024x680.jpg\" alt=\"\" class=\"wp-image-3035\" srcset=\"https:\/\/www.floresles4arbres.com\/wp-content\/uploads\/2023\/03\/72_dsc0653resize-copy-1024x680.jpg 1024w, https:\/\/www.floresles4arbres.com\/wp-content\/uploads\/2023\/03\/72_dsc0653resize-copy-300x199.jpg 300w, https:\/\/www.floresles4arbres.com\/wp-content\/uploads\/2023\/03\/72_dsc0653resize-copy-768x510.jpg 768w, https:\/\/www.floresles4arbres.com\/wp-content\/uploads\/2023\/03\/72_dsc0653resize-copy-18x12.jpg 18w, https:\/\/www.floresles4arbres.com\/wp-content\/uploads\/2023\/03\/72_dsc0653resize-copy-1200x797.jpg 1200w, https:\/\/www.floresles4arbres.com\/wp-content\/uploads\/2023\/03\/72_dsc0653resize-copy.jpg 1500w\" sizes=\"auto, (max-width: 1024px) 100vw, 1024px\" \/><\/a><\/figure>\n\n\n\n<figure class=\"wp-block-image size-large\"><a href=\"https:\/\/www.floresles4arbres.com\/wp-content\/uploads\/2023\/03\/72_dsc0651resize.jpg\" data-rel=\"lightbox-image-5\" data-magnific_type=\"image\" data-rl_title=\"\" data-rl_caption=\"\" title=\"\"><img loading=\"lazy\" decoding=\"async\" width=\"1024\" height=\"680\" data-id=\"3034\" src=\"https:\/\/www.floresles4arbres.com\/wp-content\/uploads\/2023\/03\/72_dsc0651resize-1024x680.jpg\" alt=\"\" class=\"wp-image-3034\" srcset=\"https:\/\/www.floresles4arbres.com\/wp-content\/uploads\/2023\/03\/72_dsc0651resize-1024x680.jpg 1024w, https:\/\/www.floresles4arbres.com\/wp-content\/uploads\/2023\/03\/72_dsc0651resize-300x199.jpg 300w, https:\/\/www.floresles4arbres.com\/wp-content\/uploads\/2023\/03\/72_dsc0651resize-768x510.jpg 768w, https:\/\/www.floresles4arbres.com\/wp-content\/uploads\/2023\/03\/72_dsc0651resize-18x12.jpg 18w, https:\/\/www.floresles4arbres.com\/wp-content\/uploads\/2023\/03\/72_dsc0651resize-1200x797.jpg 1200w, https:\/\/www.floresles4arbres.com\/wp-content\/uploads\/2023\/03\/72_dsc0651resize.jpg 1500w\" sizes=\"auto, (max-width: 1024px) 100vw, 1024px\" \/><\/a><\/figure>\n\n\n\n<figure class=\"wp-block-image size-large\"><a href=\"https:\/\/www.floresles4arbres.com\/wp-content\/uploads\/2023\/03\/72_dsc0754resize.jpg\" data-rel=\"lightbox-image-6\" data-magnific_type=\"image\" data-rl_title=\"\" data-rl_caption=\"\" title=\"\"><img loading=\"lazy\" decoding=\"async\" width=\"1024\" height=\"680\" data-id=\"3038\" src=\"https:\/\/www.floresles4arbres.com\/wp-content\/uploads\/2023\/03\/72_dsc0754resize-1024x680.jpg\" alt=\"\" class=\"wp-image-3038\" srcset=\"https:\/\/www.floresles4arbres.com\/wp-content\/uploads\/2023\/03\/72_dsc0754resize-1024x680.jpg 1024w, https:\/\/www.floresles4arbres.com\/wp-content\/uploads\/2023\/03\/72_dsc0754resize-300x199.jpg 300w, https:\/\/www.floresles4arbres.com\/wp-content\/uploads\/2023\/03\/72_dsc0754resize-768x510.jpg 768w, https:\/\/www.floresles4arbres.com\/wp-content\/uploads\/2023\/03\/72_dsc0754resize-18x12.jpg 18w, https:\/\/www.floresles4arbres.com\/wp-content\/uploads\/2023\/03\/72_dsc0754resize-1200x797.jpg 1200w, https:\/\/www.floresles4arbres.com\/wp-content\/uploads\/2023\/03\/72_dsc0754resize.jpg 1500w\" sizes=\"auto, (max-width: 1024px) 100vw, 1024px\" \/><\/a><\/figure>\n\n\n\n<figure class=\"wp-block-image size-large\"><a href=\"https:\/\/www.floresles4arbres.com\/wp-content\/uploads\/2023\/03\/72_dsc0139-scaled.jpg\" data-rel=\"lightbox-image-7\" data-magnific_type=\"image\" data-rl_title=\"Le volcan Lya.\" data-rl_caption=\"\" title=\"The Lya volcano.\"><img loading=\"lazy\" decoding=\"async\" width=\"1024\" height=\"680\" data-id=\"3033\" src=\"https:\/\/www.floresles4arbres.com\/wp-content\/uploads\/2023\/03\/72_dsc0139-1024x680.jpg\" alt=\"\" class=\"wp-image-3033\" srcset=\"https:\/\/www.floresles4arbres.com\/wp-content\/uploads\/2023\/03\/72_dsc0139-1024x680.jpg 1024w, https:\/\/www.floresles4arbres.com\/wp-content\/uploads\/2023\/03\/72_dsc0139-300x199.jpg 300w, https:\/\/www.floresles4arbres.com\/wp-content\/uploads\/2023\/03\/72_dsc0139-768x510.jpg 768w, https:\/\/www.floresles4arbres.com\/wp-content\/uploads\/2023\/03\/72_dsc0139-1536x1020.jpg 1536w, https:\/\/www.floresles4arbres.com\/wp-content\/uploads\/2023\/03\/72_dsc0139-2048x1360.jpg 2048w, https:\/\/www.floresles4arbres.com\/wp-content\/uploads\/2023\/03\/72_dsc0139-18x12.jpg 18w, https:\/\/www.floresles4arbres.com\/wp-content\/uploads\/2023\/03\/72_dsc0139-1200x797.jpg 1200w, https:\/\/www.floresles4arbres.com\/wp-content\/uploads\/2023\/03\/72_dsc0139-1980x1315.jpg 1980w\" sizes=\"auto, (max-width: 1024px) 100vw, 1024px\" \/><\/a><\/figure>\n\n\n\n<figure class=\"wp-block-image size-large\"><a href=\"https:\/\/www.floresles4arbres.com\/wp-content\/uploads\/2023\/03\/72_flores-volcans.jpg\" data-rel=\"lightbox-image-8\" data-magnific_type=\"image\" data-rl_title=\"Vers Bajawa\" data-rl_caption=\"Belle promenade autour de ce crat\u00e8re qui domine la petite ville de Bajawa.\" title=\"Towards Bajawa\"><img loading=\"lazy\" decoding=\"async\" width=\"1024\" height=\"766\" data-id=\"3046\" src=\"https:\/\/www.floresles4arbres.com\/wp-content\/uploads\/2023\/03\/72_flores-volcans.jpg\" alt=\"\" class=\"wp-image-3046\" srcset=\"https:\/\/www.floresles4arbres.com\/wp-content\/uploads\/2023\/03\/72_flores-volcans.jpg 1024w, https:\/\/www.floresles4arbres.com\/wp-content\/uploads\/2023\/03\/72_flores-volcans-300x224.jpg 300w, https:\/\/www.floresles4arbres.com\/wp-content\/uploads\/2023\/03\/72_flores-volcans-768x575.jpg 768w, https:\/\/www.floresles4arbres.com\/wp-content\/uploads\/2023\/03\/72_flores-volcans-16x12.jpg 16w\" sizes=\"auto, (max-width: 1024px) 100vw, 1024px\" \/><\/a><figcaption class=\"wp-element-caption\">Beautiful walk around this crater which dominates the small town of Bajawa.<\/figcaption><\/figure>\n\n\n\n<figure class=\"wp-block-image size-large\"><a href=\"https:\/\/www.floresles4arbres.com\/wp-content\/uploads\/2023\/03\/72_flores-volcans-bajawa-lacs-de-soufre.jpg\" data-rel=\"lightbox-image-9\" data-magnific_type=\"image\" data-rl_title=\"Lacs de Soufre\" data-rl_caption=\"Pr\u00e8s de Bajawa, des lacs de soufre vous attendent.\" title=\"Sulfur Lakes\"><img loading=\"lazy\" decoding=\"async\" width=\"1024\" height=\"680\" data-id=\"3039\" src=\"https:\/\/www.floresles4arbres.com\/wp-content\/uploads\/2023\/03\/72_flores-volcans-bajawa-lacs-de-soufre.jpg\" alt=\"\" class=\"wp-image-3039\" srcset=\"https:\/\/www.floresles4arbres.com\/wp-content\/uploads\/2023\/03\/72_flores-volcans-bajawa-lacs-de-soufre.jpg 1024w, https:\/\/www.floresles4arbres.com\/wp-content\/uploads\/2023\/03\/72_flores-volcans-bajawa-lacs-de-soufre-300x199.jpg 300w, https:\/\/www.floresles4arbres.com\/wp-content\/uploads\/2023\/03\/72_flores-volcans-bajawa-lacs-de-soufre-768x510.jpg 768w, https:\/\/www.floresles4arbres.com\/wp-content\/uploads\/2023\/03\/72_flores-volcans-bajawa-lacs-de-soufre-18x12.jpg 18w\" sizes=\"auto, (max-width: 1024px) 100vw, 1024px\" \/><\/a><figcaption class=\"wp-element-caption\">Near Bajawa, sulfur lakes await you.<\/figcaption><\/figure>\n\n\n\n<figure class=\"wp-block-image size-large\"><a href=\"https:\/\/www.floresles4arbres.com\/wp-content\/uploads\/2023\/03\/72_flores-volcans-ranaka.jpg\" data-rel=\"lightbox-image-10\" data-magnific_type=\"image\" data-rl_title=\"Le Ranaka\" data-rl_caption=\"Ce volcan, \u00e0 priori facile d&#039;acc\u00e8s, offre des d\u00e9fis aux imp\u00e9tueux.\" title=\"The Ranaka\"><img loading=\"lazy\" decoding=\"async\" width=\"1024\" height=\"766\" data-id=\"3045\" src=\"https:\/\/www.floresles4arbres.com\/wp-content\/uploads\/2023\/03\/72_flores-volcans-ranaka.jpg\" alt=\"\" class=\"wp-image-3045\" srcset=\"https:\/\/www.floresles4arbres.com\/wp-content\/uploads\/2023\/03\/72_flores-volcans-ranaka.jpg 1024w, https:\/\/www.floresles4arbres.com\/wp-content\/uploads\/2023\/03\/72_flores-volcans-ranaka-300x224.jpg 300w, https:\/\/www.floresles4arbres.com\/wp-content\/uploads\/2023\/03\/72_flores-volcans-ranaka-768x575.jpg 768w, https:\/\/www.floresles4arbres.com\/wp-content\/uploads\/2023\/03\/72_flores-volcans-ranaka-16x12.jpg 16w\" sizes=\"auto, (max-width: 1024px) 100vw, 1024px\" \/><\/a><figcaption class=\"wp-element-caption\">This volcano, apparently easy to access, offers challenges to the impetuous.<\/figcaption><\/figure>\n\n\n\n<figure class=\"wp-block-image size-large\"><a href=\"https:\/\/www.floresles4arbres.com\/wp-content\/uploads\/2023\/03\/72_flores-volcans-lya.jpg\" data-rel=\"lightbox-image-11\" data-magnific_type=\"image\" data-rl_title=\"Le petit Lya\" data-rl_caption=\"Au sud de Ende. Un aller-retour qui est fait dans la journ\u00e9e. Top tranquillit\u00e9.\" title=\"Little Lya\"><img loading=\"lazy\" decoding=\"async\" width=\"1024\" height=\"768\" data-id=\"3044\" src=\"https:\/\/www.floresles4arbres.com\/wp-content\/uploads\/2023\/03\/72_flores-volcans-lya.jpg\" alt=\"\" class=\"wp-image-3044\" srcset=\"https:\/\/www.floresles4arbres.com\/wp-content\/uploads\/2023\/03\/72_flores-volcans-lya.jpg 1024w, https:\/\/www.floresles4arbres.com\/wp-content\/uploads\/2023\/03\/72_flores-volcans-lya-300x225.jpg 300w, https:\/\/www.floresles4arbres.com\/wp-content\/uploads\/2023\/03\/72_flores-volcans-lya-768x576.jpg 768w, https:\/\/www.floresles4arbres.com\/wp-content\/uploads\/2023\/03\/72_flores-volcans-lya-16x12.jpg 16w\" sizes=\"auto, (max-width: 1024px) 100vw, 1024px\" \/><\/a><figcaption class=\"wp-element-caption\">South of Ende. A round trip which is done during the day. Top tranquility.<\/figcaption><\/figure>\n\n\n\n<figure class=\"wp-block-image size-large\"><a href=\"https:\/\/www.floresles4arbres.com\/wp-content\/uploads\/2023\/03\/72_flores-volcans-crateres-du-kalimutus-3.jpg\" data-rel=\"lightbox-image-12\" data-magnific_type=\"image\" data-rl_title=\"Le Kalimutu\" data-rl_caption=\"Ce n\u2019est que par avion que nous pouvons admirer les trois lacs d&#039;un seul regard.\" title=\"The Kalimutu\"><img loading=\"lazy\" decoding=\"async\" width=\"1024\" height=\"766\" data-id=\"3042\" src=\"https:\/\/www.floresles4arbres.com\/wp-content\/uploads\/2023\/03\/72_flores-volcans-crateres-du-kalimutus-3.jpg\" alt=\"\" class=\"wp-image-3042\" srcset=\"https:\/\/www.floresles4arbres.com\/wp-content\/uploads\/2023\/03\/72_flores-volcans-crateres-du-kalimutus-3.jpg 1024w, https:\/\/www.floresles4arbres.com\/wp-content\/uploads\/2023\/03\/72_flores-volcans-crateres-du-kalimutus-3-300x224.jpg 300w, https:\/\/www.floresles4arbres.com\/wp-content\/uploads\/2023\/03\/72_flores-volcans-crateres-du-kalimutus-3-768x575.jpg 768w, https:\/\/www.floresles4arbres.com\/wp-content\/uploads\/2023\/03\/72_flores-volcans-crateres-du-kalimutus-3-16x12.jpg 16w\" sizes=\"auto, (max-width: 1024px) 100vw, 1024px\" \/><\/a><figcaption class=\"wp-element-caption\">Only by plane can we admire the three lakes at a glance.<\/figcaption><\/figure>\n\n\n\n<figure class=\"wp-block-image size-large\"><a href=\"https:\/\/www.floresles4arbres.com\/wp-content\/uploads\/2023\/03\/72_flores-volcans-crateres-du-kalimutus-1.jpg\" data-rel=\"lightbox-image-13\" data-magnific_type=\"image\" data-rl_title=\"Le Kalimutu\" data-rl_caption=\"\" title=\"The Kalimutu\"><img loading=\"lazy\" decoding=\"async\" width=\"1024\" height=\"766\" data-id=\"3040\" src=\"https:\/\/www.floresles4arbres.com\/wp-content\/uploads\/2023\/03\/72_flores-volcans-crateres-du-kalimutus-1.jpg\" alt=\"\" class=\"wp-image-3040\" srcset=\"https:\/\/www.floresles4arbres.com\/wp-content\/uploads\/2023\/03\/72_flores-volcans-crateres-du-kalimutus-1.jpg 1024w, https:\/\/www.floresles4arbres.com\/wp-content\/uploads\/2023\/03\/72_flores-volcans-crateres-du-kalimutus-1-300x224.jpg 300w, https:\/\/www.floresles4arbres.com\/wp-content\/uploads\/2023\/03\/72_flores-volcans-crateres-du-kalimutus-1-768x575.jpg 768w, https:\/\/www.floresles4arbres.com\/wp-content\/uploads\/2023\/03\/72_flores-volcans-crateres-du-kalimutus-1-16x12.jpg 16w\" sizes=\"auto, (max-width: 1024px) 100vw, 1024px\" \/><\/a><\/figure>\n\n\n\n<figure class=\"wp-block-image size-large\"><a href=\"https:\/\/www.floresles4arbres.com\/wp-content\/uploads\/2023\/03\/72_flores-volcans-crateres-du-kalimutus-2.jpg\" data-rel=\"lightbox-image-14\" data-magnific_type=\"image\" data-rl_title=\"Le Kalimutu\" data-rl_caption=\"\" title=\"The Kalimutu\"><img loading=\"lazy\" decoding=\"async\" width=\"1024\" height=\"766\" data-id=\"3041\" src=\"https:\/\/www.floresles4arbres.com\/wp-content\/uploads\/2023\/03\/72_flores-volcans-crateres-du-kalimutus-2.jpg\" alt=\"\" class=\"wp-image-3041\" srcset=\"https:\/\/www.floresles4arbres.com\/wp-content\/uploads\/2023\/03\/72_flores-volcans-crateres-du-kalimutus-2.jpg 1024w, https:\/\/www.floresles4arbres.com\/wp-content\/uploads\/2023\/03\/72_flores-volcans-crateres-du-kalimutus-2-300x224.jpg 300w, https:\/\/www.floresles4arbres.com\/wp-content\/uploads\/2023\/03\/72_flores-volcans-crateres-du-kalimutus-2-768x575.jpg 768w, https:\/\/www.floresles4arbres.com\/wp-content\/uploads\/2023\/03\/72_flores-volcans-crateres-du-kalimutus-2-16x12.jpg 16w\" sizes=\"auto, (max-width: 1024px) 100vw, 1024px\" \/><\/a><\/figure>\n<\/figure>","protected":false},"excerpt":{"rendered":"<p>Flores has countless volcanoes, the best known of which are Ranaka, Inerie and its \u201cbrother\u201d Ebulobo. According to legend, the Ebulobo represents the man and the Inerie the woman. There are others too, such as Kelimutu, as well as Egon in the Sikka region. But there are still little-visited volcanoes like that of Ende, which [\u2026]<\/p>","protected":false},"author":1,"featured_media":0,"parent":2007,"menu_order":25,"comment_status":"closed","ping_status":"closed","template":"templates\/template-full-width.php","meta":{"footnotes":""},"class_list":["post-2013","page","type-page","status-publish","hentry"],"_links":{"self":[{"href":"https:\/\/www.floresles4arbres.com\/en\/wp-json\/wp\/v2\/pages\/2013","targetHints":{"allow":["GET"]}}],"collection":[{"href":"https:\/\/www.floresles4arbres.com\/en\/wp-json\/wp\/v2\/pages"}],"about":[{"href":"https:\/\/www.floresles4arbres.com\/en\/wp-json\/wp\/v2\/types\/page"}],"author":[{"embeddable":true,"href":"https:\/\/www.floresles4arbres.com\/en\/wp-json\/wp\/v2\/users\/1"}],"replies":[{"embeddable":true,"href":"https:\/\/www.floresles4arbres.com\/en\/wp-json\/wp\/v2\/comments?post=2013"}],"version-history":[{"count":0,"href":"https:\/\/www.floresles4arbres.com\/en\/wp-json\/wp\/v2\/pages\/2013\/revisions"}],"up":[{"embeddable":true,"href":"https:\/\/www.floresles4arbres.com\/en\/wp-json\/wp\/v2\/pages\/2007"}],"wp:attachment":[{"href":"https:\/\/www.floresles4arbres.com\/en\/wp-json\/wp\/v2\/media?parent=2013"}],"curies":[{"name":"wp","href":"https:\/\/api.w.org\/{rel}","templated":true}]}}